{"id":2,"date":"2018-02-23T18:50:53","date_gmt":"2018-02-23T15:50:53","guid":{"rendered":"http:\/\/www.komplus.com.tr\/?page_id=2"},"modified":"2025-08-22T11:56:37","modified_gmt":"2025-08-22T08:56:37","slug":"ornek-sayfa","status":"publish","type":"page","link":"https:\/\/www.komplus.com.tr\/en\/","title":{"rendered":"Home"},"content":{"rendered":"<div class=\"wpb-content-wrapper\"><p>[vc_row css=&#8221;.vc_custom_1553586859047{margin-top: -20px !important;}&#8221;][vc_column][vc_images_carousel images=&#8221;340,342,343&#8243; img_size=&#8221;full&#8221; onclick=&#8221;link_no&#8221; speed=&#8221;3000&#8243; autoplay=&#8221;yes&#8221;][\/vc_column][\/vc_row][vc_row full_width=&#8221;stretch_row&#8221; el_class=&#8221;home-bar&#8221; css=&#8221;.vc_custom_1581579655369{margin-top: -36px !important;background-color: #f4f4f4 !important;}&#8221;][vc_column width=&#8221;1\/3&#8243; css=&#8221;.vc_custom_1553187124261{margin-top: 60px !important;}&#8221;]<div class=\"porto-feature-box wpb_content_element \"><div class=\"feature-box feature-box-primary feature-box-style-2\"><div class=\"feature-box-icon feature-box-icon-primary\"><i class=\"porto-icon-ok text-color-primary\" style=\"font-size:50px\"><\/i><\/div><div class=\"feature-box-info\">[vc_column_text]<strong>True Quality<\/strong><br \/>\nWe offer you true quality products we produce with our superior service concept.[\/vc_column_text]<\/div><\/div><\/div>[\/vc_column][vc_column width=&#8221;1\/3&#8243; css=&#8221;.vc_custom_1553187119649{margin-top: 60px !important;}&#8221;]<div class=\"porto-feature-box wpb_content_element \"><div class=\"feature-box feature-box-primary feature-box-style-2\"><div class=\"feature-box-icon feature-box-icon-primary\"><i class=\"porto-icon-user text-color-primary\" style=\"font-size:50px\"><\/i><\/div><div class=\"feature-box-info\">[vc_column_text]<strong>Customer Satisfaction<\/strong><br \/>\nWe offer 100% Customer Satisfaction to all our customers.[\/vc_column_text]<\/div><\/div><\/div>[\/vc_column][vc_column width=&#8221;1\/3&#8243; css=&#8221;.vc_custom_1553187104351{margin-top: 60px !important;}&#8221;]<div class=\"porto-feature-box wpb_content_element \"><div class=\"feature-box feature-box-primary feature-box-style-2\"><div class=\"feature-box-icon feature-box-icon-primary\"><i class=\"porto-icon-compare text-color-primary\" style=\"font-size:50px\"><\/i><\/div><div class=\"feature-box-info\">[vc_column_text]<strong>The Latest Technology<\/strong><br \/>\nWe follow technology and make investments for new one every day.[\/vc_column_text]<\/div><\/div><\/div>[\/vc_column][\/vc_row][vc_row][vc_column width=&#8221;1\/2&#8243;][vc_custom_heading text=&#8221;All <strong>Products<\/strong>&#8221; font_container=&#8221;tag:h4|text_align:left&#8221; use_theme_fonts=&#8221;yes&#8221; skin=&#8221;secondary&#8221;]<div class=\"porto-recent-portfolios outimage wpb_content_element  m-t-md m-b-none\">\n\t\n\t\n\t\t<div class=\"row\">\n\t\t\t<div class=\"portfolio-carousel porto-carousel owl-carousel nav-bottom nav-style-1 stage-margin\" data-plugin-options=\"{&quot;themeConfig&quot;:true,&quot;stagePadding&quot;:25,&quot;nav&quot;:&quot;yes&quot;,&quot;dots&quot;:false,&quot;lg&quot;:2,&quot;md&quot;:3,&quot;sm&quot;:2}\">\n\t\t<div class=\"portfolio-slide\">\t\t<div class=\"portfolio-item outimage\">\n\t\t\t<a class=\"text-decoration-none\" href=\"https:\/\/www.komplus.com.tr\/en\/urunler\/calparal-yayli-cekvalf\/\">\n\t\t\t\t<span class=\"thumb-info thumb-info-darken thumb-info-centered-info\">\n\t\t\t\t\t<span class=\"thumb-info-wrapper\">\n\t\t\t\t\t\t<img loading=\"lazy\" decoding=\"async\" class=\"img-responsive\" width=\"300\" height=\"225\" src=\"https:\/\/www.komplus.com.tr\/wp-content\/uploads\/2018\/02\/komplus_calparal-yayli-cekvalf-300x225.jpg\" alt=\"\u00c7alparal Yayl\u0131 \u00c7ekvalf\" \/>\n\t\t\t\t\t\t\t\t\t\t\t\t\t\t\t\t\t\t\t<span class=\"thumb-info-action\">\n\t\t\t\t\t\t\t\t\t\t\t\t\t\t\t\t\t<span class=\"thumb-info-action-icon\"><i class=\"fa fa-link\"><\/i><\/span>\n\t\t\t\t\t\t\t\t\t\t\t\t\t\t\t\t\t\t\t\t\t\t\t<\/span>\n\t\t\t\t\t\t\t\t\t\t\t<\/span>\n\t\t\t\t<\/span>\n\t\t\t\t\t\t\t\t\t<h4 class=\"m-t-md m-b-none\">Spring Check Valve<\/h4>\n\t\t\t\t\t\t\t\t\t\t\t\t<\/a>\n\t\t<\/div>\n\t\t\t\t<div class=\"portfolio-item outimage\">\n\t\t\t<a class=\"text-decoration-none\" href=\"https:\/\/www.komplus.com.tr\/en\/urunler\/boru-tipi-cekvalf\/\">\n\t\t\t\t<span class=\"thumb-info thumb-info-darken thumb-info-centered-info\">\n\t\t\t\t\t<span class=\"thumb-info-wrapper\">\n\t\t\t\t\t\t<img loading=\"lazy\" decoding=\"async\" class=\"img-responsive\" width=\"300\" height=\"225\" src=\"https:\/\/www.komplus.com.tr\/wp-content\/uploads\/2018\/02\/boru_tipi-cekvalf-300x225.jpg\" alt=\"Boru Tipi \u00c7ekvalf\" \/>\n\t\t\t\t\t\t\t\t\t\t\t\t\t\t\t\t\t\t\t<span class=\"thumb-info-action\">\n\t\t\t\t\t\t\t\t\t\t\t\t\t\t\t\t\t<span class=\"thumb-info-action-icon\"><i class=\"fa fa-link\"><\/i><\/span>\n\t\t\t\t\t\t\t\t\t\t\t\t\t\t\t\t\t\t\t\t\t\t\t<\/span>\n\t\t\t\t\t\t\t\t\t\t\t<\/span>\n\t\t\t\t<\/span>\n\t\t\t\t\t\t\t\t\t<h4 class=\"m-t-md m-b-none\">Pipe Type Check Valve<\/h4>\n\t\t\t\t\t\t\t\t\t\t\t\t<\/a>\n\t\t<\/div>\n\t\t\t\t<div class=\"portfolio-item outimage\">\n\t\t\t<a class=\"text-decoration-none\" href=\"https:\/\/www.komplus.com.tr\/en\/urunler\/kuresel-vana\/\">\n\t\t\t\t<span class=\"thumb-info thumb-info-darken thumb-info-centered-info\">\n\t\t\t\t\t<span class=\"thumb-info-wrapper\">\n\t\t\t\t\t\t<img loading=\"lazy\" decoding=\"async\" class=\"img-responsive\" width=\"300\" height=\"225\" src=\"https:\/\/www.komplus.com.tr\/wp-content\/uploads\/2018\/02\/kuresel-vana-300x225.jpg\" alt=\"K\u00fcresel Vana\" \/>\n\t\t\t\t\t\t\t\t\t\t\t\t\t\t\t\t\t\t\t<span class=\"thumb-info-action\">\n\t\t\t\t\t\t\t\t\t\t\t\t\t\t\t\t\t<span class=\"thumb-info-action-icon\"><i class=\"fa fa-link\"><\/i><\/span>\n\t\t\t\t\t\t\t\t\t\t\t\t\t\t\t\t\t\t\t\t\t\t\t<\/span>\n\t\t\t\t\t\t\t\t\t\t\t<\/span>\n\t\t\t\t<\/span>\n\t\t\t\t\t\t\t\t\t<h4 class=\"m-t-md m-b-none\">Ball Valve<\/h4>\n\t\t\t\t\t\t\t\t\t\t\t\t<\/a>\n\t\t<\/div>\n\t\t<\/div><div class=\"portfolio-slide\">\t\t<div class=\"portfolio-item outimage\">\n\t\t\t<a class=\"text-decoration-none\" href=\"https:\/\/www.komplus.com.tr\/en\/urunler\/metal-kollu-kuresel-vana\/\">\n\t\t\t\t<span class=\"thumb-info thumb-info-darken thumb-info-centered-info\">\n\t\t\t\t\t<span class=\"thumb-info-wrapper\">\n\t\t\t\t\t\t<img loading=\"lazy\" decoding=\"async\" class=\"img-responsive\" width=\"300\" height=\"225\" src=\"https:\/\/www.komplus.com.tr\/wp-content\/uploads\/2018\/02\/metal-kollu-kuresel-vana-300x225.jpg\" alt=\"Metal Kollu K\u00fcresel Vana\" \/>\n\t\t\t\t\t\t\t\t\t\t\t\t\t\t\t\t\t\t\t<span class=\"thumb-info-action\">\n\t\t\t\t\t\t\t\t\t\t\t\t\t\t\t\t\t<span class=\"thumb-info-action-icon\"><i class=\"fa fa-link\"><\/i><\/span>\n\t\t\t\t\t\t\t\t\t\t\t\t\t\t\t\t\t\t\t\t\t\t\t<\/span>\n\t\t\t\t\t\t\t\t\t\t\t<\/span>\n\t\t\t\t<\/span>\n\t\t\t\t\t\t\t\t\t<h4 class=\"m-t-md m-b-none\">Metal Sleeve Ball Valve<\/h4>\n\t\t\t\t\t\t\t\t\t\t\t\t<\/a>\n\t\t<\/div>\n\t\t\t\t<div class=\"portfolio-item outimage\">\n\t\t\t<a class=\"text-decoration-none\" href=\"https:\/\/www.komplus.com.tr\/en\/urunler\/eko-kuresel-vana\/\">\n\t\t\t\t<span class=\"thumb-info thumb-info-darken thumb-info-centered-info\">\n\t\t\t\t\t<span class=\"thumb-info-wrapper\">\n\t\t\t\t\t\t<img loading=\"lazy\" decoding=\"async\" class=\"img-responsive\" width=\"300\" height=\"225\" src=\"https:\/\/www.komplus.com.tr\/wp-content\/uploads\/2018\/02\/eko-kuresel-vana-300x225.jpg\" alt=\"Eko K\u00fcresel Vana\" \/>\n\t\t\t\t\t\t\t\t\t\t\t\t\t\t\t\t\t\t\t<span class=\"thumb-info-action\">\n\t\t\t\t\t\t\t\t\t\t\t\t\t\t\t\t\t<span class=\"thumb-info-action-icon\"><i class=\"fa fa-link\"><\/i><\/span>\n\t\t\t\t\t\t\t\t\t\t\t\t\t\t\t\t\t\t\t\t\t\t\t<\/span>\n\t\t\t\t\t\t\t\t\t\t\t<\/span>\n\t\t\t\t<\/span>\n\t\t\t\t\t\t\t\t\t<h4 class=\"m-t-md m-b-none\">Eco Ball Valve<\/h4>\n\t\t\t\t\t\t\t\t\t\t\t\t<\/a>\n\t\t<\/div>\n\t\t\t\t<div class=\"portfolio-item outimage\">\n\t\t\t<a class=\"text-decoration-none\" href=\"https:\/\/www.komplus.com.tr\/en\/urunler\/eko-metal-kollu-kuresel-vana\/\">\n\t\t\t\t<span class=\"thumb-info thumb-info-darken thumb-info-centered-info\">\n\t\t\t\t\t<span class=\"thumb-info-wrapper\">\n\t\t\t\t\t\t<img loading=\"lazy\" decoding=\"async\" class=\"img-responsive\" width=\"300\" height=\"225\" src=\"https:\/\/www.komplus.com.tr\/wp-content\/uploads\/2018\/02\/eko-kuresel-kollu-vana-300x225.jpg\" alt=\"Eko Metal Kollu K\u00fcresel Vana\" \/>\n\t\t\t\t\t\t\t\t\t\t\t\t\t\t\t\t\t\t\t<span class=\"thumb-info-action\">\n\t\t\t\t\t\t\t\t\t\t\t\t\t\t\t\t\t<span class=\"thumb-info-action-icon\"><i class=\"fa fa-link\"><\/i><\/span>\n\t\t\t\t\t\t\t\t\t\t\t\t\t\t\t\t\t\t\t\t\t\t\t<\/span>\n\t\t\t\t\t\t\t\t\t\t\t<\/span>\n\t\t\t\t<\/span>\n\t\t\t\t\t\t\t\t\t<h4 class=\"m-t-md m-b-none\">Eco Metal Sleeve Ball Valve<\/h4>\n\t\t\t\t\t\t\t\t\t\t\t\t<\/a>\n\t\t<\/div>\n\t\t<\/div><div class=\"portfolio-slide\">\t\t<div class=\"portfolio-item outimage\">\n\t\t\t<a class=\"text-decoration-none\" href=\"https:\/\/www.komplus.com.tr\/en\/urunler\/3u-bir-arada-kombi-seti\/\">\n\t\t\t\t<span class=\"thumb-info thumb-info-darken thumb-info-centered-info\">\n\t\t\t\t\t<span class=\"thumb-info-wrapper\">\n\t\t\t\t\t\t<img loading=\"lazy\" decoding=\"async\" class=\"img-responsive\" width=\"300\" height=\"225\" src=\"https:\/\/www.komplus.com.tr\/wp-content\/uploads\/2018\/02\/kombi-alt-baglant\u0131-3-lu-300x225.jpg\" alt=\"3\u2019\u00fc Bir Arada Kombi Seti\" \/>\n\t\t\t\t\t\t\t\t\t\t\t\t\t\t\t\t\t\t\t<span class=\"thumb-info-action\">\n\t\t\t\t\t\t\t\t\t\t\t\t\t\t\t\t\t<span class=\"thumb-info-action-icon\"><i class=\"fa fa-link\"><\/i><\/span>\n\t\t\t\t\t\t\t\t\t\t\t\t\t\t\t\t\t\t\t\t\t\t\t<\/span>\n\t\t\t\t\t\t\t\t\t\t\t<\/span>\n\t\t\t\t<\/span>\n\t\t\t\t\t\t\t\t\t<h4 class=\"m-t-md m-b-none\">3-in-1 Combi Set<\/h4>\n\t\t\t\t\t\t\t\t\t\t\t\t<\/a>\n\t\t<\/div>\n\t\t\t\t<div class=\"portfolio-item outimage\">\n\t\t\t<a class=\"text-decoration-none\" href=\"https:\/\/www.komplus.com.tr\/en\/urunler\/parcali-kombi-alti-baglanti-seti\/\">\n\t\t\t\t<span class=\"thumb-info thumb-info-darken thumb-info-centered-info\">\n\t\t\t\t\t<span class=\"thumb-info-wrapper\">\n\t\t\t\t\t\t<img loading=\"lazy\" decoding=\"async\" class=\"img-responsive\" width=\"300\" height=\"225\" src=\"https:\/\/www.komplus.com.tr\/wp-content\/uploads\/2018\/02\/parcali-kombi-alti-baglanti-seti-300x225.jpg\" alt=\"Par\u00e7al\u0131 Kombi Alt\u0131 Ba\u011flant\u0131 Seti\" \/>\n\t\t\t\t\t\t\t\t\t\t\t\t\t\t\t\t\t\t\t<span class=\"thumb-info-action\">\n\t\t\t\t\t\t\t\t\t\t\t\t\t\t\t\t\t<span class=\"thumb-info-action-icon\"><i class=\"fa fa-link\"><\/i><\/span>\n\t\t\t\t\t\t\t\t\t\t\t\t\t\t\t\t\t\t\t\t\t\t\t<\/span>\n\t\t\t\t\t\t\t\t\t\t\t<\/span>\n\t\t\t\t<\/span>\n\t\t\t\t\t\t\t\t\t<h4 class=\"m-t-md m-b-none\">Combi Boiler Set<\/h4>\n\t\t\t\t\t\t\t\t\t\t\t\t<\/a>\n\t\t<\/div>\n\t\t\t\t<div class=\"portfolio-item outimage\">\n\t\t\t<a class=\"text-decoration-none\" href=\"https:\/\/www.komplus.com.tr\/en\/urunler\/ciftli-batarya-baglantisi-ic-disli\/\">\n\t\t\t\t<span class=\"thumb-info thumb-info-darken thumb-info-centered-info\">\n\t\t\t\t\t<span class=\"thumb-info-wrapper\">\n\t\t\t\t\t\t<img loading=\"lazy\" decoding=\"async\" class=\"img-responsive\" width=\"300\" height=\"225\" src=\"https:\/\/www.komplus.com.tr\/wp-content\/uploads\/2018\/02\/cift-batarya-baglantisi-ic-disli-300x225.jpg\" alt=\"\" \/>\n\t\t\t\t\t\t\t\t\t\t\t\t\t\t\t\t\t\t\t<span class=\"thumb-info-action\">\n\t\t\t\t\t\t\t\t\t\t\t\t\t\t\t\t\t<span class=\"thumb-info-action-icon\"><i class=\"fa fa-link\"><\/i><\/span>\n\t\t\t\t\t\t\t\t\t\t\t\t\t\t\t\t\t\t\t\t\t\t\t<\/span>\n\t\t\t\t\t\t\t\t\t\t\t<\/span>\n\t\t\t\t<\/span>\n\t\t\t\t\t\t\t\t\t<h4 class=\"m-t-md m-b-none\">Dual Battery Connection Internal Thread<\/h4>\n\t\t\t\t\t\t\t\t\t\t\t\t<\/a>\n\t\t<\/div>\n\t\t<\/div><div class=\"portfolio-slide\">\t\t<div class=\"portfolio-item outimage\">\n\t\t\t<a class=\"text-decoration-none\" href=\"https:\/\/www.komplus.com.tr\/en\/urunler\/ciftli-batarya-baglantisi-dis-disli\/\">\n\t\t\t\t<span class=\"thumb-info thumb-info-darken thumb-info-centered-info\">\n\t\t\t\t\t<span class=\"thumb-info-wrapper\">\n\t\t\t\t\t\t<img loading=\"lazy\" decoding=\"async\" class=\"img-responsive\" width=\"300\" height=\"225\" src=\"https:\/\/www.komplus.com.tr\/wp-content\/uploads\/2018\/02\/ciftli-batarya-baglantisi-dis-disli-300x225.jpg\" alt=\"\" \/>\n\t\t\t\t\t\t\t\t\t\t\t\t\t\t\t\t\t\t\t<span class=\"thumb-info-action\">\n\t\t\t\t\t\t\t\t\t\t\t\t\t\t\t\t\t<span class=\"thumb-info-action-icon\"><i class=\"fa fa-link\"><\/i><\/span>\n\t\t\t\t\t\t\t\t\t\t\t\t\t\t\t\t\t\t\t\t\t\t\t<\/span>\n\t\t\t\t\t\t\t\t\t\t\t<\/span>\n\t\t\t\t<\/span>\n\t\t\t\t\t\t\t\t\t<h4 class=\"m-t-md m-b-none\">Dual Battery Connection External Thread<\/h4>\n\t\t\t\t\t\t\t\t\t\t\t\t<\/a>\n\t\t<\/div>\n\t\t\t\t<div class=\"portfolio-item outimage\">\n\t\t\t<a class=\"text-decoration-none\" href=\"https:\/\/www.komplus.com.tr\/en\/urunler\/taharet-baglantisi-wc\/\">\n\t\t\t\t<span class=\"thumb-info thumb-info-darken thumb-info-centered-info\">\n\t\t\t\t\t<span class=\"thumb-info-wrapper\">\n\t\t\t\t\t\t<img loading=\"lazy\" decoding=\"async\" class=\"img-responsive\" width=\"300\" height=\"225\" src=\"https:\/\/www.komplus.com.tr\/wp-content\/uploads\/2018\/02\/taharet-baglantisi-wc-300x225.jpg\" alt=\"Taharet Ba\u011flant\u0131s\u0131 (WC)\" \/>\n\t\t\t\t\t\t\t\t\t\t\t\t\t\t\t\t\t\t\t<span class=\"thumb-info-action\">\n\t\t\t\t\t\t\t\t\t\t\t\t\t\t\t\t\t<span class=\"thumb-info-action-icon\"><i class=\"fa fa-link\"><\/i><\/span>\n\t\t\t\t\t\t\t\t\t\t\t\t\t\t\t\t\t\t\t\t\t\t\t<\/span>\n\t\t\t\t\t\t\t\t\t\t\t<\/span>\n\t\t\t\t<\/span>\n\t\t\t\t\t\t\t\t\t<h4 class=\"m-t-md m-b-none\">Connection Connection (WC)<\/h4>\n\t\t\t\t\t\t\t\t\t\t\t\t<\/a>\n\t\t<\/div>\n\t\t\t\t<div class=\"portfolio-item outimage\">\n\t\t\t<a class=\"text-decoration-none\" href=\"https:\/\/www.komplus.com.tr\/en\/urunler\/ic-disli-batarya-baglantisi\/\">\n\t\t\t\t<span class=\"thumb-info thumb-info-darken thumb-info-centered-info\">\n\t\t\t\t\t<span class=\"thumb-info-wrapper\">\n\t\t\t\t\t\t<img loading=\"lazy\" decoding=\"async\" class=\"img-responsive\" width=\"300\" height=\"225\" src=\"https:\/\/www.komplus.com.tr\/wp-content\/uploads\/2018\/02\/ic-disli-batarya-baglantisi-300x225.jpg\" alt=\"\u0130\u00e7 Di\u015fli Batarya Ba\u011flant\u0131s\u0131\" \/>\n\t\t\t\t\t\t\t\t\t\t\t\t\t\t\t\t\t\t\t<span class=\"thumb-info-action\">\n\t\t\t\t\t\t\t\t\t\t\t\t\t\t\t\t\t<span class=\"thumb-info-action-icon\"><i class=\"fa fa-link\"><\/i><\/span>\n\t\t\t\t\t\t\t\t\t\t\t\t\t\t\t\t\t\t\t\t\t\t\t<\/span>\n\t\t\t\t\t\t\t\t\t\t\t<\/span>\n\t\t\t\t<\/span>\n\t\t\t\t\t\t\t\t\t<h4 class=\"m-t-md m-b-none\">Internal Thread Battery Connection<\/h4>\n\t\t\t\t\t\t\t\t\t\t\t\t<\/a>\n\t\t<\/div>\n\t\t<\/div>\t\t<\/div>\n\t\t<\/div>\n\t\n\t\n\t<\/div><div class=\"porto-btn-ctn-center \"><a class=\"porto-btn porto-adjust-bottom-margin porto-btn-small porto-btn-no-hover-bg  porto-btn-center \" title='T\u00fcm \u00dcr\u00fcnler' rel='' href = \"https:\/\/www.komplus.com.tr\/komplus2019\/urunler\/\"  data-hover=\"\" data-border-color=\"\" data-bg=\"#e5650c\" data-hover-bg=\"\" data-border-hover=\"\" data-shadow-click=\"none\" data-shadow=\"\" style=\"border:none;background: #e5650c;color: #ffffff;\"><span class=\"porto-btn-hover\"><\/span><span class=\"porto-btn-data porto-btn-text \" >Go to All Products<\/span><\/a><\/div>[\/vc_column][vc_column width=&#8221;1\/2&#8243;][vc_custom_heading text=&#8221;<strong>News<\/strong>&#8221; font_container=&#8221;tag:h4|text_align:left&#8221; use_theme_fonts=&#8221;yes&#8221; skin=&#8221;secondary&#8221;]<div class=\"porto-recent-posts wpb_content_element  m-b-sm m-t-xs\">\t<div class=\"row\">\n\t\t<div class=\"post-carousel porto-carousel owl-carousel show-nav-title show-nav-hover \" data-plugin-options=\"{&quot;themeConfig&quot;:true,&quot;nav&quot;:&quot;yes&quot;,&quot;dots&quot;:&quot;yes&quot;,&quot;lg&quot;:1,&quot;md&quot;:1,&quot;sm&quot;:1}\">\n\t\t\t<div class=\"post-slide no-single\"><div class=\"post-item style-4 post-title-simple\"> <span class=\"thumb-info thumb-info-side-image thumb-info-no-zoom\">\n\t\t<a href=\"https:\/\/www.komplus.com.tr\/en\/2020-unicera-banyo-fuarindayiz\/\"> <span class=\"post-image thumb-info-side-image-wrapper\"> <img loading=\"lazy\" decoding=\"async\" class=\"img-responsive\" width=\"200\" height=\"160\" src=\"https:\/\/www.komplus.com.tr\/wp-content\/uploads\/2018\/03\/Komplus_Fuar_Unicera_2020-200x160.jpeg\" alt=\"2020 Unicera Banyo Fuar\u0131nday\u0131z!\" \/>\n\t\t\t<span class=\"zoom\" data-src=\"https:\/\/www.komplus.com.tr\/wp-content\/uploads\/2018\/03\/Komplus_Fuar_Unicera_2020.jpeg\" data-title=\"\"><i class=\"fas fa-search\"><\/i><\/span>\n\t\t<\/span> <\/a>\n\t\t<span class=\"thumb-info-caption\"> <span class=\"thumb-info-caption-text\"> <a class=\"post-title\" href=\"https:\/\/www.komplus.com.tr\/en\/2020-unicera-banyo-fuarindayiz\/\">\n\t\t\t<h2 class=\"m-b-sm m-t-xs\">\n\t\t\t2020 Unicera Banyo Fuar\u0131nday\u0131z!\t\t\t<\/h2>\n\t\t<\/a>\n\t\t<div class=\"post-meta m-b-sm d-none\">\n\t\t\t\t\t\t\t\t\t\t\t\t\t\t<\/div>\n\t\t<p class=\"post-excerpt\">T\u00fcrkiye\u2019nin en b\u00fcy\u00fck ihtisas fuar\u0131 \u0130stanbul-Seramik Banyo Mutfak Fuar\u0131...  <a class=\"read-more read-more-block\" href=\"https:\/\/www.komplus.com.tr\/en\/2020-unicera-banyo-fuarindayiz\/\">Read More <i class=\"fas fa-long-arrow-alt-right\"><\/i><\/a><\/p>\t<\/span> <\/span> <\/span>\n<\/div>\n<div class=\"post-item style-4 post-title-simple\"> <span class=\"thumb-info thumb-info-side-image thumb-info-no-zoom\">\n\t\t<a href=\"https:\/\/www.komplus.com.tr\/en\/2019-unicera-banyo-fuarindayiz\/\"> <span class=\"post-image thumb-info-side-image-wrapper\"> <img loading=\"lazy\" decoding=\"async\" class=\"img-responsive\" width=\"200\" height=\"160\" src=\"https:\/\/www.komplus.com.tr\/wp-content\/uploads\/2018\/03\/Komplus_Fuar_Unicera_2019-200x160.jpeg\" alt=\"2019 Unicera Banyo Fuar\u0131nday\u0131z!\" \/>\n\t\t\t<span class=\"zoom\" data-src=\"https:\/\/www.komplus.com.tr\/wp-content\/uploads\/2018\/03\/Komplus_Fuar_Unicera_2019.jpeg\" data-title=\"\"><i class=\"fas fa-search\"><\/i><\/span>\n\t\t<\/span> <\/a>\n\t\t<span class=\"thumb-info-caption\"> <span class=\"thumb-info-caption-text\"> <a class=\"post-title\" href=\"https:\/\/www.komplus.com.tr\/en\/2019-unicera-banyo-fuarindayiz\/\">\n\t\t\t<h2 class=\"m-b-sm m-t-xs\">\n\t\t\t2019 Unicera Banyo Fuar\u0131nday\u0131z!\t\t\t<\/h2>\n\t\t<\/a>\n\t\t<div class=\"post-meta m-b-sm d-none\">\n\t\t\t\t\t\t\t\t\t\t\t\t\t\t<\/div>\n\t\t<p class=\"post-excerpt\">Sorry, this entry is only available in TR |...  <a class=\"read-more read-more-block\" href=\"https:\/\/www.komplus.com.tr\/en\/2019-unicera-banyo-fuarindayiz\/\">Read More <i class=\"fas fa-long-arrow-alt-right\"><\/i><\/a><\/p>\t<\/span> <\/span> <\/span>\n<\/div>\n<\/div><div class=\"post-slide no-single\"><div class=\"post-item style-4 post-title-simple\"> <span class=\"thumb-info thumb-info-side-image thumb-info-no-zoom\">\n\t\t<a href=\"https:\/\/www.komplus.com.tr\/en\/unicera-banyo-fuarindayiz\/\"> <span class=\"post-image thumb-info-side-image-wrapper\"> <img loading=\"lazy\" decoding=\"async\" class=\"img-responsive\" width=\"200\" height=\"160\" src=\"https:\/\/www.komplus.com.tr\/wp-content\/uploads\/2018\/03\/Komplus_Fuar_Unicera_2018-200x160.jpeg\" alt=\"Komplus Unicera Fuar\u0131 2018\" \/>\n\t\t\t<span class=\"zoom\" data-src=\"https:\/\/www.komplus.com.tr\/wp-content\/uploads\/2018\/03\/Komplus_Fuar_Unicera_2018.jpeg\" data-title=\"\"><i class=\"fas fa-search\"><\/i><\/span>\n\t\t<\/span> <\/a>\n\t\t<span class=\"thumb-info-caption\"> <span class=\"thumb-info-caption-text\"> <a class=\"post-title\" href=\"https:\/\/www.komplus.com.tr\/en\/unicera-banyo-fuarindayiz\/\">\n\t\t\t<h2 class=\"m-b-sm m-t-xs\">\n\t\t\tWe are at the Unicera Bathroom Fair!\t\t\t<\/h2>\n\t\t<\/a>\n\t\t<div class=\"post-meta m-b-sm d-none\">\n\t\t\t\t\t\t\t\t\t\t\t\t\t\t<\/div>\n\t\t<p class=\"post-excerpt\">Istanbul, Turkey&#8217;s largest trade fair-Ceramic Bathroom Kitchen Fair (UNICERA),...  <a class=\"read-more read-more-block\" href=\"https:\/\/www.komplus.com.tr\/en\/unicera-banyo-fuarindayiz\/\">Read More <i class=\"fas fa-long-arrow-alt-right\"><\/i><\/a><\/p>\t<\/span> <\/span> <\/span>\n<\/div>\n<div class=\"post-item style-4 post-title-simple\"> <span class=\"thumb-info thumb-info-side-image thumb-info-no-zoom\">\n\t\t<a href=\"https:\/\/www.komplus.com.tr\/en\/web-sitemiz-yeni-arayuzu-ile-yayinda\/\"> <span class=\"post-image thumb-info-side-image-wrapper\"> <img loading=\"lazy\" decoding=\"async\" class=\"img-responsive\" width=\"200\" height=\"160\" src=\"https:\/\/www.komplus.com.tr\/wp-content\/uploads\/2018\/02\/web-sayfamiz-yayinda-200x160.jpg\" alt=\"Komplus web sayfas\u0131 yeni aray\u00fcz\u00fc ile yay\u0131nda\" \/>\n\t\t\t<span class=\"zoom\" data-src=\"https:\/\/www.komplus.com.tr\/wp-content\/uploads\/2018\/02\/web-sayfamiz-yayinda.jpg\" data-title=\"\t\t\t\t\t\t\"><i class=\"fas fa-search\"><\/i><\/span>\n\t\t<\/span> <\/a>\n\t\t<span class=\"thumb-info-caption\"> <span class=\"thumb-info-caption-text\"> <a class=\"post-title\" href=\"https:\/\/www.komplus.com.tr\/en\/web-sitemiz-yeni-arayuzu-ile-yayinda\/\">\n\t\t\t<h2 class=\"m-b-sm m-t-xs\">\n\t\t\tOur website is online with the new interface\t\t\t<\/h2>\n\t\t<\/a>\n\t\t<div class=\"post-meta m-b-sm d-none\">\n\t\t\t\t\t\t\t\t\t\t\t\t\t\t<\/div>\n\t\t<p class=\"post-excerpt\">&#8220;Komplus continues to develop and renew itself with its...  <a class=\"read-more read-more-block\" href=\"https:\/\/www.komplus.com.tr\/en\/web-sitemiz-yeni-arayuzu-ile-yayinda\/\">Read More <i class=\"fas fa-long-arrow-alt-right\"><\/i><\/a><\/p>\t<\/span> <\/span> <\/span>\n<\/div>\n<\/div><div class=\"post-slide no-single\"><div class=\"post-item style-4 post-title-simple\"> <span class=\"thumb-info thumb-info-side-image thumb-info-no-zoom\">\n\t\t<a href=\"https:\/\/www.komplus.com.tr\/en\/2017-unicera-banyo-fuarindayiz\/\"> <span class=\"post-image thumb-info-side-image-wrapper\"> <img loading=\"lazy\" decoding=\"async\" class=\"img-responsive\" width=\"200\" height=\"160\" src=\"https:\/\/www.komplus.com.tr\/wp-content\/uploads\/2018\/03\/Komplus_Fuar_Unicera_2017-200x160.jpeg\" alt=\"2017 Unicera Banyo Fuar\u0131nday\u0131z!\" \/>\n\t\t\t<span class=\"zoom\" data-src=\"https:\/\/www.komplus.com.tr\/wp-content\/uploads\/2018\/03\/Komplus_Fuar_Unicera_2017.jpeg\" data-title=\"\"><i class=\"fas fa-search\"><\/i><\/span>\n\t\t<\/span> <\/a>\n\t\t<span class=\"thumb-info-caption\"> <span class=\"thumb-info-caption-text\"> <a class=\"post-title\" href=\"https:\/\/www.komplus.com.tr\/en\/2017-unicera-banyo-fuarindayiz\/\">\n\t\t\t<h2 class=\"m-b-sm m-t-xs\">\n\t\t\t2017 Unicera Banyo Fuar\u0131nday\u0131z!\t\t\t<\/h2>\n\t\t<\/a>\n\t\t<div class=\"post-meta m-b-sm d-none\">\n\t\t\t\t\t\t\t\t\t\t\t\t\t\t<\/div>\n\t\t<p class=\"post-excerpt\">T\u00fcrkiye\u2019nin en b\u00fcy\u00fck ihtisas fuar\u0131 \u0130stanbul-Seramik Banyo Mutfak Fuar\u0131...  <a class=\"read-more read-more-block\" href=\"https:\/\/www.komplus.com.tr\/en\/2017-unicera-banyo-fuarindayiz\/\">Read More <i class=\"fas fa-long-arrow-alt-right\"><\/i><\/a><\/p>\t<\/span> <\/span> <\/span>\n<\/div>\n<\/div>\t\t<\/div>\n\t<\/div>\n\t<\/div>[vc_single_image image=&#8221;530&#8243; img_size=&#8221;292&#215;131&#8243; alignment=&#8221;center&#8221; onclick=&#8221;custom_link&#8221; img_link_target=&#8221;_blank&#8221; css=&#8221;.vc_custom_1645593633583{margin-top: -28px !important;padding-top: 30px !important;padding-bottom: 38px !important;background-color: #f4f4f4 !important;}&#8221; link=&#8221;https:\/\/komplus.com.tr\/kataloglar\/KOMPLUS-MART-2022.pdf&#8221; title=&#8221;2022 Price List&#8221; label=&#8221;&#8221;][\/vc_column][\/vc_row]<\/p>\n<\/div>","protected":false},"excerpt":{"rendered":"<p>[vc_row css=&#8221;.vc_custom_1553586859047{margin-top: -20px !important;}&#8221;][vc_column][vc_images_carousel images=&#8221;340,342,343&#8243; img_size=&#8221;full&#8221; onclick=&#8221;link_no&#8221; speed=&#8221;3000&#8243; autoplay=&#8221;yes&#8221;][\/vc_column][\/vc_row][vc_row full_width=&#8221;stretch_row&#8221; el_class=&#8221;home-bar&#8221; css=&#8221;.vc_custom_1581579655369{margin-top: -36px !important;background-color: #f4f4f4 !important;}&#8221;][vc_column width=&#8221;1\/3&#8243; css=&#8221;.vc_custom_1553187124261{margin-top: 60px !important;}&#8221;][\/vc_column][vc_column width=&#8221;1\/3&#8243; css=&#8221;.vc_custom_1553187119649{margin-top: 60px !important;}&#8221;][\/vc_column][vc_column width=&#8221;1\/3&#8243; css=&#8221;.vc_custom_1553187104351{margin-top: 60px !important;}&#8221;][\/vc_column][\/vc_row][vc_row][vc_column width=&#8221;1\/2&#8243;][vc_custom_heading text=&#8221;All Products&#8221; font_container=&#8221;tag:h4|text_align:left&#8221; use_theme_fonts=&#8221;yes&#8221; skin=&#8221;secondary&#8221;][\/vc_column][vc_column width=&#8221;1\/2&#8243;][vc_custom_heading text=&#8221;News&#8221; font_container=&#8221;tag:h4|text_align:left&#8221; use_theme_fonts=&#8221;yes&#8221; skin=&#8221;secondary&#8221;][vc_single_image image=&#8221;530&#8243; img_size=&#8221;292&#215;131&#8243; alignment=&#8221;center&#8221; onclick=&#8221;custom_link&#8221; img_link_target=&#8221;_blank&#8221; css=&#8221;.vc_custom_1645593633583{margin-top: -28px !important;padding-top: 30px !important;padding-bottom: 38px !important;background-color: #f4f4f4 !important;}&#8221; link=&#8221;https:\/\/komplus.com.tr\/kataloglar\/KOMPLUS-MART-2022.pdf&#8221; title=&#8221;2022 [&hellip;]<\/p>\n","protected":false},"author":1,"featured_media":0,"parent":0,"menu_order":0,"comment_status":"closed","ping_status":"open","template":"","meta":{"footnotes":""},"class_list":["post-2","page","type-page","status-publish","hentry"],"aioseo_notices":[],"_links":{"self":[{"href":"https:\/\/www.komplus.com.tr\/en\/wp-json\/wp\/v2\/pages\/2","targetHints":{"allow":["GET"]}}],"collection":[{"href":"https:\/\/www.komplus.com.tr\/en\/wp-json\/wp\/v2\/pages"}],"about":[{"href":"https:\/\/www.komplus.com.tr\/en\/wp-json\/wp\/v2\/types\/page"}],"author":[{"embeddable":true,"href":"https:\/\/www.komplus.com.tr\/en\/wp-json\/wp\/v2\/users\/1"}],"replies":[{"embeddable":true,"href":"https:\/\/www.komplus.com.tr\/en\/wp-json\/wp\/v2\/comments?post=2"}],"version-history":[{"count":3,"href":"https:\/\/www.komplus.com.tr\/en\/wp-json\/wp\/v2\/pages\/2\/revisions"}],"predecessor-version":[{"id":955,"href":"https:\/\/www.komplus.com.tr\/en\/wp-json\/wp\/v2\/pages\/2\/revisions\/955"}],"wp:attachment":[{"href":"https:\/\/www.komplus.com.tr\/en\/wp-json\/wp\/v2\/media?parent=2"}],"curies":[{"name":"wp","href":"https:\/\/api.w.org\/{rel}","templated":true}]}}